{"id":62,"date":"2020-02-14T20:15:19","date_gmt":"2020-02-14T19:15:19","guid":{"rendered":"http:\/\/vindicator.info\/fremo-ostalb\/?page_id=62"},"modified":"2020-03-27T13:19:46","modified_gmt":"2020-03-27T12:19:46","slug":"wer-oder-was-sind-wir","status":"publish","type":"page","link":"https:\/\/vindicator.info\/fremo-ostalb\/wer-oder-was-sind-wir\/","title":{"rendered":"Wer oder was sind wir bzw. was ist der FREMO?"},"content":{"rendered":"\n<h2 class=\"wp-block-heading\">Was ist &#8222;FREMO&#8220;?<\/h2>\n\n\n\n<p>Der &#8222;FREMO&#8220;, bzw. ausf\u00fchrlicher der &#8222;<strong>FR<\/strong>eundeskreis <strong>E<\/strong>urop\u00e4ischer <strong>MO<\/strong>dellbahner&#8220; ist ein Verein, der sich ab ca. 1980 gefunden hat, 1981 gegr\u00fcndet wurde und im deutschen Vereinsregister eingetragen ist.<\/p>\n\n\n\n<p>Ziel war es, engagierte Modellbahner ohne regionale Einschr\u00e4nkungen zusammen zu bringen. Nicht nur z.B. in Baden-W\u00fcrttemberg, sondern weiter \u00fcber die Grenzen hinaus, inzwischen in ganz Europa. Dies alles um Ideen auszutauschen, Kontakte zu pflegen und gemeinsam das Hobby &#8222;Modellbahn&#8220; zu betreiben. Grunds\u00e4tzlich ohne Vorgabe eines Modellma\u00dfstabes, jedoch ist H0 1:87 schlicht am verbreitetsten.<br>Dazu siehe auch: <a href=\"https:\/\/www.fremo-net.eu\/about\/\">https:\/\/www.fremo-net.eu\/about\/<\/a> <\/p>\n\n\n\n<p>Wortw\u00f6rtlich hei\u00dft es in der Satzung: \u201e<em>Zweck des Vereins ist es, das Modellbahnerhobby, insbesondere dessen kreativit\u00e4ts- und aktivit\u00e4tsbezogenen Aspekt sowie den pers\u00f6nlichen Kontakt unter den Modellbahnern auf \u00fcberregionaler und internationaler Ebene zu f\u00f6rdern\u201c<\/em><\/p>\n\n\n\n<p>Konkret wird innerhalb des FREMO in Modulbauweise gebaut. Hintergrund daf\u00fcr ist, dass auf Modulen vorbildlicher gebaut werden kann, insbesondere was Gleisradien betrifft (z.B. 2 Meter Gleisradius). Diese Module werden bei sog. &#8222;Modultreffen&#8220; z.B. in Sporthallen  zu Arrangements flexibel zusammengestellt werden. Auf diesem Weg kann jeder seine eigenen Module mitbringen und &#8222;mitspielen&#8220;.<\/p>\n\n\n\n<figure class=\"wp-block-image size-large\"><img loading=\"lazy\" decoding=\"async\" width=\"1024\" height=\"267\" src=\"http:\/\/vindicator.info\/fremo-ostalb\/wp-content\/uploads\/2020\/02\/DSC_4519-DSC_4529-klein-1024x267.jpg\" alt=\"\" class=\"wp-image-224\" srcset=\"https:\/\/vindicator.info\/fremo-ostalb\/wp-content\/uploads\/2020\/02\/DSC_4519-DSC_4529-klein-1024x267.jpg 1024w, https:\/\/vindicator.info\/fremo-ostalb\/wp-content\/uploads\/2020\/02\/DSC_4519-DSC_4529-klein-300x78.jpg 300w, https:\/\/vindicator.info\/fremo-ostalb\/wp-content\/uploads\/2020\/02\/DSC_4519-DSC_4529-klein-768x200.jpg 768w, https:\/\/vindicator.info\/fremo-ostalb\/wp-content\/uploads\/2020\/02\/DSC_4519-DSC_4529-klein-1536x400.jpg 1536w, https:\/\/vindicator.info\/fremo-ostalb\/wp-content\/uploads\/2020\/02\/DSC_4519-DSC_4529-klein-2048x534.jpg 2048w, https:\/\/vindicator.info\/fremo-ostalb\/wp-content\/uploads\/2020\/02\/DSC_4519-DSC_4529-klein-1200x313.jpg 1200w, https:\/\/vindicator.info\/fremo-ostalb\/wp-content\/uploads\/2020\/02\/DSC_4519-DSC_4529-klein-1980x516.jpg 1980w\" sizes=\"auto, (max-width: 1024px) 100vw, 1024px\" \/><figcaption> FREMO Treffen in Sontheim 2019 <\/figcaption><\/figure>\n\n\n\n<h2 class=\"wp-block-heading\">Was ist nun das &#8222;Besondere&#8220;?<\/h2>\n\n\n\n<p>Im FREMO sind die \u00dcberg\u00e4nge von einem Modul auf das Andere genormt, wobei es verschiedene Varianten im Gel\u00e4ndeprofil gibt. Dies sorgt daf\u00fcr, das ein Modul das z.B. in Norddeutschland gebaut wird auch nach S\u00fcddeutschland gebracht werden kann und dort &#8222;passt&#8220;. Diese Normierung betrifft sowohl den physischen \u00dcbergang, damit das Gleis &#8222;passt&#8220;, als auch die elektrischen Kontakte, damit der Strom &#8222;fliest&#8220;. Und wenn dem Planer genug Module zur Auswahl stehen passt auch das Profil, das Gel\u00e4nde, zum angrenzenden Modul ;-).<\/p>\n\n\n\n<p>Weiterhin wird keine Automatik eingesetzt. Alle Z\u00fcge werden von Hand gesteuert. Dazu verwenden wir kleine Handregler, die an am Arrangement verteile Buchsen angeschlossen werden. Damit kann man mit dem Zug mitlaufen und sich immer umst\u00f6pseln. Sieht dann so aus:<\/p>\n\n\n\n<figure class=\"wp-block-image size-large\"><img loading=\"lazy\" decoding=\"async\" width=\"1024\" height=\"683\" src=\"https:\/\/vindicator.info\/fremo-ostalb\/wp-content\/uploads\/2020\/02\/DSC_4612-1024x683.jpg\" alt=\"\" class=\"wp-image-307\" srcset=\"https:\/\/vindicator.info\/fremo-ostalb\/wp-content\/uploads\/2020\/02\/DSC_4612-1024x683.jpg 1024w, https:\/\/vindicator.info\/fremo-ostalb\/wp-content\/uploads\/2020\/02\/DSC_4612-300x200.jpg 300w, https:\/\/vindicator.info\/fremo-ostalb\/wp-content\/uploads\/2020\/02\/DSC_4612-768x512.jpg 768w, https:\/\/vindicator.info\/fremo-ostalb\/wp-content\/uploads\/2020\/02\/DSC_4612.jpg 1200w\" sizes=\"auto, (max-width: 1024px) 100vw, 1024px\" \/><figcaption>Rechts im Bild ein Handregler &#8222;FREDI&#8220; genannt, der via Spiralkabel an eine Buchse (etwa in der Bildmitte) angeschlossen ist und den roten Triebwagen steuert.<\/figcaption><\/figure>\n\n\n\n<p>Es wird auch nicht einfach &#8222;frei und ohne Plan&#8220; gefahren, sondern nach einem vorher ausget\u00fcftelten Fahrplan, der auf die jeweiligen Betriebsstellen und Ihre Besonderheiten abgestimmt ist. Auch das Fahren selbst geschieht nicht &#8222;einfach so&#8220;. Frachten werden \u00fcber sog. &#8222;Frachtkarten&#8220; von Betriebsstellen angefordert, die dann mit einem oder mehreren dazu passenden G\u00fcterwagen transportiert werden. Personenz\u00fcge sind in Ihren \u00dcberg\u00e4ngen aufeinander abgestimmt.<\/p>\n\n\n\n<figure class=\"wp-block-image size-large\"><img loading=\"lazy\" decoding=\"async\" width=\"1024\" height=\"685\" src=\"https:\/\/vindicator.info\/fremo-ostalb\/wp-content\/uploads\/2020\/02\/LA_5.jpg\" alt=\"\" class=\"wp-image-106\" srcset=\"https:\/\/vindicator.info\/fremo-ostalb\/wp-content\/uploads\/2020\/02\/LA_5.jpg 1024w, https:\/\/vindicator.info\/fremo-ostalb\/wp-content\/uploads\/2020\/02\/LA_5-300x201.jpg 300w, https:\/\/vindicator.info\/fremo-ostalb\/wp-content\/uploads\/2020\/02\/LA_5-768x514.jpg 768w\" sizes=\"auto, (max-width: 1024px) 100vw, 1024px\" \/><figcaption>Verschiedene &#8222;Frachteins\u00e4tze&#8220; f\u00fcr Holz und Kohle<\/figcaption><\/figure>\n\n\n\n<p>Dazu kommt, dass jede Betriebsstelle Signale besitzt und im Regelfall mit einem Betriebsstellenleiter besetzt ist, der Weichen und Signale steuert und z.B. auch die Strecke zum n\u00e4chsten Bahnhof frei geben muss. Als Zugf\u00fchrer ist man also nicht allein, sondern auf ein gutes Zusammenspiel aller angewiesen. Wenn nicht, gibt&#8217;s Versp\u00e4tungen ;-).<\/p>\n\n\n\n<p>Und hiermit sind wir bei der gr\u00f6\u00dften Besonderheit des FREMO: <\/p>\n\n\n\n<h4 class=\"wp-block-heading\">Das Vorbild der Bahn m\u00f6glichst detailliert nachzubilden. <\/h4>\n\n\n\n<p>Ganz gleich ob nun im Radius der Module, im Fahrplan, in der Detaillierung oder Alterung der eingesetzten Fahrzeuge, usw. .<\/p>\n\n\n\n<figure class=\"wp-block-image size-full\"><img loading=\"lazy\" decoding=\"async\" width=\"1024\" height=\"685\" src=\"https:\/\/vindicator.info\/fremo-ostalb\/wp-content\/uploads\/2020\/02\/ST_5.jpg\" alt=\"\" class=\"wp-image-171\" srcset=\"https:\/\/vindicator.info\/fremo-ostalb\/wp-content\/uploads\/2020\/02\/ST_5.jpg 1024w, https:\/\/vindicator.info\/fremo-ostalb\/wp-content\/uploads\/2020\/02\/ST_5-300x201.jpg 300w, https:\/\/vindicator.info\/fremo-ostalb\/wp-content\/uploads\/2020\/02\/ST_5-768x514.jpg 768w\" sizes=\"auto, (max-width: 1024px) 100vw, 1024px\" \/><figcaption>Gealterte Baureihe 64<\/figcaption><\/figure>\n\n\n\n<p>Innerhalb des FREMO gibt es etliche, verschiedene Gruppen. Damit ist vermutlich f\u00fcr (fast) jeden eine Gruppe dabei. Diese Gruppen konzentrieren sich z.B. auf eine gewisse zeitliche Epoche, auf ein Thema wie z.B. eine Industriebahn, oder auch darauf alles noch detaillierter und vorbildgetreuer zu gestalten.<\/p>\n\n\n\n<h2 class=\"wp-block-heading\">Wer sind wir vor Ort?<\/h2>\n\n\n\n<p>&#8222;Wir&#8220; sind ein kleiner Haufen von 10-15 Leuten, die sich in der Region rund um Ulm \/ Ostalb \/ Oberschwaben zusammengefunden haben. Haupts\u00e4chlich geht es bei uns um H0, den Ma\u00dfstab 1:87 &#8222;Normalspur&#8220; in Epoche 3 bis Epoche 4. Im FREMO entspricht das der Gruppe H0-Europa. Wir haben aber auch jemanden in Spur N und jemand in Spur H0m (Meterspur, Schwerpunkt Schweizer Bahnen).<\/p>\n\n\n\n<p>Manche kommen aus der Ecke um Aalen herum, einige aus Heidenheim, einer gar aus Richtung W\u00fcrzburg. Einige aus dem Umland von Ulm, bis hinunter in Richtung Memmingen. Weiter nach Ost oder West sind aktuell leider keine aus unserer \u00f6rtlichen Gruppe.<\/p>\n\n\n\n<iframe loading=\"lazy\" src=\"https:\/\/www.google.com\/maps\/embed?pb=!1m14!1m12!1m3!1d403391.9962414568!2d10.076438747619704!3d48.59782126092679!2m3!1f0!2f0!3f0!3m2!1i1024!2i768!4f13.1!5e0!3m2!1sde!2sde!4v1581946904792!5m2!1sde!2sde\" width=\"600\" height=\"450\" frameborder=\"0\" style=\"border:0;\" allowfullscreen=\"\"><\/iframe>\n\n\n\n<p>Aktuell treffen wir uns einmal pro Monat im <a href=\"https:\/\/www.google.de\/maps\/place\/Langenau(W%C3%BCrtt)\/@48.493407,10.1237304,17z\/data=!3m1!4b1!4m5!3m4!1s0x479942733e4d5fb5:0xb844e5446adf7ae1!8m2!3d48.493407!4d10.1259191?hl=de\">Empfangsgeb\u00e4ude des Langenauer Bahnhofs<\/a>, sowie unregelm\u00e4\u00dfig zu Basteltreffen und einmal im Jahr f\u00fcr 4 Tage zu einem lokalen Modellbahntreffen in <a href=\"https:\/\/www.google.de\/maps\/place\/89567+Sontheim+an+der+Brenz\/@48.5520987,10.2380866,13z\/data=!3m1!4b1!4m5!3m4!1s0x4799470b858ae669:0x4e242fddb2132039!8m2!3d48.5568355!4d10.2850447?hl=de\">Sontheim an der Brenz<\/a>, bei dem jedes Jahr eine Sporthalle mit Modulen gef\u00fcllt wird.<br>(Details siehe Reiter <a href=\"http:\/\/vindicator.info\/fremo-ostalb\/termine\/\">Termine<\/a>)<\/p>\n\n\n\n<h2 class=\"wp-block-heading\">Neugierig geworden?<\/h2>\n\n\n\n<p>Wenn Sie neugierig geworden sind: Wir freuen uns immer \u00fcber interessierte Modellbahner und Modellbauer die mitmachen m\u00f6chten. Gerne k\u00f6nnen sie eine eMail an <a href=\"mailto:blog@vindicator.info\">blog@vindicator.info<\/a> schreiben, wir melden uns baldm\u00f6glichst. Alternativ k\u00f6nnen Sie auch spontan zum Stammtisch in Langenau (Details siehe Reiter <a href=\"http:\/\/vindicator.info\/fremo-ostalb\/termine\/\">Termine<\/a>) vorbei kommen. F\u00fcr eine Teilnahme am Modultreffen bitten wir Sie, sich vorab kurz zu melden, damit Ihnen ein Namensschild ausgestellt wird.<\/p>\n","protected":false},"excerpt":{"rendered":"<p>Was ist &#8222;FREMO&#8220;? Der &#8222;FREMO&#8220;, bzw. ausf\u00fchrlicher der &#8222;FReundeskreis Europ\u00e4ischer MOdellbahner&#8220; ist ein Verein, der sich ab ca. 1980 gefunden hat, 1981 gegr\u00fcndet wurde und im deutschen Vereinsregister eingetragen ist. [&hellip;]<\/p>\n","protected":false},"author":1,"featured_media":0,"parent":0,"menu_order":0,"comment_status":"closed","ping_status":"closed","template":"","meta":{"footnotes":""},"class_list":["post-62","page","type-page","status-publish","hentry"],"_links":{"self":[{"href":"https:\/\/vindicator.info\/fremo-ostalb\/wp-json\/wp\/v2\/pages\/62","targetHints":{"allow":["GET"]}}],"collection":[{"href":"https:\/\/vindicator.info\/fremo-ostalb\/wp-json\/wp\/v2\/pages"}],"about":[{"href":"https:\/\/vindicator.info\/fremo-ostalb\/wp-json\/wp\/v2\/types\/page"}],"author":[{"embeddable":true,"href":"https:\/\/vindicator.info\/fremo-ostalb\/wp-json\/wp\/v2\/users\/1"}],"replies":[{"embeddable":true,"href":"https:\/\/vindicator.info\/fremo-ostalb\/wp-json\/wp\/v2\/comments?post=62"}],"version-history":[{"count":56,"href":"https:\/\/vindicator.info\/fremo-ostalb\/wp-json\/wp\/v2\/pages\/62\/revisions"}],"predecessor-version":[{"id":809,"href":"https:\/\/vindicator.info\/fremo-ostalb\/wp-json\/wp\/v2\/pages\/62\/revisions\/809"}],"wp:attachment":[{"href":"https:\/\/vindicator.info\/fremo-ostalb\/wp-json\/wp\/v2\/media?parent=62"}],"curies":[{"name":"wp","href":"https:\/\/api.w.org\/{rel}","templated":true}]}}